{"id":907,"date":"2024-11-19T11:52:24","date_gmt":"2024-11-19T11:52:24","guid":{"rendered":"https:\/\/batch.zoedev.tech\/product\/test2\/"},"modified":"2024-12-18T11:56:40","modified_gmt":"2024-12-18T11:56:40","slug":"test2","status":"publish","type":"product","link":"https:\/\/batch.zoedev.tech\/fr\/product\/test2\/","title":{"rendered":"1515Q - Maillon carr\u00e9 \u00e0 dos de diamant"},"content":{"rendered":"<ul>\n<li>Cha\u00eene de pneus Diamond Back Premium de conception europ\u00e9enne.<\/li>\n<li>Construction en alliage \u00e0 maillons carr\u00e9s<\/li>\n<li>Motif diamant pour une excellente traction, une conduite souple et une longue dur\u00e9e de vie.<\/li>\n<li>Couverture neige\/glace Utilisation sur autoroute uniquement<\/li>\n<li><strong>D\u00e9gagement SAE Classe \"S<\/strong><\/li>\n<li><strong>N'EST PAS DESTIN\u00c9 \u00c0 \u00caTRE UTILIS\u00c9 SUR LES REMORQUES<\/strong><\/li>\n<\/ul>","protected":false},"excerpt":{"rendered":"<div class=\"product_brand_name\">QCC\uff5cSKU : 1515Q<\/div>","protected":false},"featured_media":1626,"comment_status":"closed","ping_status":"closed","template":"","meta":[],"product_brand":[],"product_cat":[14,39],"product_tag":[],"class_list":{"0":"post-907","1":"product","2":"type-product","3":"status-publish","4":"has-post-thumbnail","6":"product_cat-all-products","7":"product_cat-passenger-vehicle-tire-chains","9":"first","10":"instock","11":"product-type-simple"},"_links":{"self":[{"href":"https:\/\/batch.zoedev.tech\/fr\/wp-json\/wp\/v2\/product\/907","targetHints":{"allow":["GET"]}}],"collection":[{"href":"https:\/\/batch.zoedev.tech\/fr\/wp-json\/wp\/v2\/product"}],"about":[{"href":"https:\/\/batch.zoedev.tech\/fr\/wp-json\/wp\/v2\/types\/product"}],"replies":[{"embeddable":true,"href":"https:\/\/batch.zoedev.tech\/fr\/wp-json\/wp\/v2\/comments?post=907"}],"version-history":[{"count":3,"href":"https:\/\/batch.zoedev.tech\/fr\/wp-json\/wp\/v2\/product\/907\/revisions"}],"predecessor-version":[{"id":1628,"href":"https:\/\/batch.zoedev.tech\/fr\/wp-json\/wp\/v2\/product\/907\/revisions\/1628"}],"wp:featuredmedia":[{"embeddable":true,"href":"https:\/\/batch.zoedev.tech\/fr\/wp-json\/wp\/v2\/media\/1626"}],"wp:attachment":[{"href":"https:\/\/batch.zoedev.tech\/fr\/wp-json\/wp\/v2\/media?parent=907"}],"wp:term":[{"taxonomy":"product_brand","embeddable":true,"href":"https:\/\/batch.zoedev.tech\/fr\/wp-json\/wp\/v2\/product_brand?post=907"},{"taxonomy":"product_cat","embeddable":true,"href":"https:\/\/batch.zoedev.tech\/fr\/wp-json\/wp\/v2\/product_cat?post=907"},{"taxonomy":"product_tag","embeddable":true,"href":"https:\/\/batch.zoedev.tech\/fr\/wp-json\/wp\/v2\/product_tag?post=907"}],"curies":[{"name":"wp","href":"https:\/\/api.w.org\/{rel}","templated":true}]}}