{"id":1602,"date":"2024-12-12T12:24:40","date_gmt":"2024-12-12T12:24:40","guid":{"rendered":"https:\/\/batch.zoedev.tech\/?post_type=product&#038;p=1602"},"modified":"2024-12-18T11:56:40","modified_gmt":"2024-12-18T11:56:40","slug":"es71-easysox-passenger","status":"publish","type":"product","link":"https:\/\/batch.zoedev.tech\/fr\/product\/es71-easysox-passenger\/","title":{"rendered":"ES71 - EasySox Passenger"},"content":{"rendered":"<p><strong>Voitures de tourisme et camionnettes\/SUV<\/strong><\/p>\n<p><strong>Couverture neige\/glace Utilisation sur autoroute uniquement<\/strong><\/p>\n<p>La v\u00e9ritable alternative \u00e0 la traction traditionnelle.<\/p>\n<p>Dispositif de traction pour les v\u00e9hicules \u00e0 d\u00e9gagement limit\u00e9 ou nul.<\/p>\n<p>Poids l\u00e9ger - Plus facile \u00e0 manipuler et \u00e0 stocker !<\/p>\n<p>Rapide et facile \u00e0 installer !<\/p>","protected":false},"excerpt":{"rendered":"<div class=\"product_brand_name\">EasySox|SKU : ES71<\/div>","protected":false},"featured_media":1612,"comment_status":"open","ping_status":"closed","template":"","meta":[],"product_brand":[],"product_cat":[14,39],"product_tag":[],"class_list":{"0":"post-1602","1":"product","2":"type-product","3":"status-publish","4":"has-post-thumbnail","6":"product_cat-all-products","7":"product_cat-passenger-vehicle-tire-chains","9":"first","10":"instock","11":"downloadable","12":"shipping-taxable","13":"product-type-simple"},"_links":{"self":[{"href":"https:\/\/batch.zoedev.tech\/fr\/wp-json\/wp\/v2\/product\/1602","targetHints":{"allow":["GET"]}}],"collection":[{"href":"https:\/\/batch.zoedev.tech\/fr\/wp-json\/wp\/v2\/product"}],"about":[{"href":"https:\/\/batch.zoedev.tech\/fr\/wp-json\/wp\/v2\/types\/product"}],"replies":[{"embeddable":true,"href":"https:\/\/batch.zoedev.tech\/fr\/wp-json\/wp\/v2\/comments?post=1602"}],"version-history":[{"count":4,"href":"https:\/\/batch.zoedev.tech\/fr\/wp-json\/wp\/v2\/product\/1602\/revisions"}],"predecessor-version":[{"id":1629,"href":"https:\/\/batch.zoedev.tech\/fr\/wp-json\/wp\/v2\/product\/1602\/revisions\/1629"}],"wp:featuredmedia":[{"embeddable":true,"href":"https:\/\/batch.zoedev.tech\/fr\/wp-json\/wp\/v2\/media\/1612"}],"wp:attachment":[{"href":"https:\/\/batch.zoedev.tech\/fr\/wp-json\/wp\/v2\/media?parent=1602"}],"wp:term":[{"taxonomy":"product_brand","embeddable":true,"href":"https:\/\/batch.zoedev.tech\/fr\/wp-json\/wp\/v2\/product_brand?post=1602"},{"taxonomy":"product_cat","embeddable":true,"href":"https:\/\/batch.zoedev.tech\/fr\/wp-json\/wp\/v2\/product_cat?post=1602"},{"taxonomy":"product_tag","embeddable":true,"href":"https:\/\/batch.zoedev.tech\/fr\/wp-json\/wp\/v2\/product_tag?post=1602"}],"curies":[{"name":"wp","href":"https:\/\/api.w.org\/{rel}","templated":true}]}}