{"id":1593,"date":"2024-12-09T03:27:40","date_gmt":"2024-12-09T03:27:40","guid":{"rendered":"https:\/\/batch.zoedev.tech\/?post_type=product&#038;p=1593"},"modified":"2024-12-18T11:56:40","modified_gmt":"2024-12-18T11:56:40","slug":"%e4%ba%a7%e5%93%81%e5%90%8d%e7%a7%b0","status":"publish","type":"product","link":"https:\/\/batch.zoedev.tech\/fr\/product\/%e4%ba%a7%e5%93%81%e5%90%8d%e7%a7%b0\/","title":{"rendered":"1118 - Cha\u00eene \u00e0 maillons PL"},"content":{"rendered":"<ul>\n<li>Ces cha\u00eenes sont con\u00e7ues pour \u00eatre utilis\u00e9es sur des voitures ayant un d\u00e9gagement minimal.<\/li>\n<li>Ces cha\u00eenes sont con\u00e7ues pour \u00eatre utilis\u00e9es avec des pneus de taille originale avec une bande de roulement d'autoroute.<\/li>\n<li>Utilisation sur autoroute uniquement<\/li>\n<li><strong>Classe SAE (S) d\u00e9gagement<\/strong><\/li>\n<li><strong>Le dispositif de r\u00e9glage de l'\u00e9lastique de l'araign\u00e9e en option n'est pas inclus dans l'achat des cha\u00eenes. (Peut \u00eatre command\u00e9 ci-dessous ou dans la section des pi\u00e8ces d\u00e9tach\u00e9es)<\/strong><\/li>\n<li><strong>N'EST PAS DESTIN\u00c9 \u00c0 \u00caTRE UTILIS\u00c9 SUR LES REMORQUES<\/strong><\/li>\n<\/ul>","protected":false},"excerpt":{"rendered":"<div class=\"product_brand_name\">QCC\uff5cSKU : 1118<\/div>","protected":false},"featured_media":1621,"comment_status":"open","ping_status":"closed","template":"","meta":[],"product_brand":[],"product_cat":[14,39],"product_tag":[],"class_list":{"0":"post-1593","1":"product","2":"type-product","3":"status-publish","4":"has-post-thumbnail","6":"product_cat-all-products","7":"product_cat-passenger-vehicle-tire-chains","9":"first","10":"instock","11":"shipping-taxable","12":"product-type-simple"},"_links":{"self":[{"href":"https:\/\/batch.zoedev.tech\/fr\/wp-json\/wp\/v2\/product\/1593","targetHints":{"allow":["GET"]}}],"collection":[{"href":"https:\/\/batch.zoedev.tech\/fr\/wp-json\/wp\/v2\/product"}],"about":[{"href":"https:\/\/batch.zoedev.tech\/fr\/wp-json\/wp\/v2\/types\/product"}],"replies":[{"embeddable":true,"href":"https:\/\/batch.zoedev.tech\/fr\/wp-json\/wp\/v2\/comments?post=1593"}],"version-history":[{"count":3,"href":"https:\/\/batch.zoedev.tech\/fr\/wp-json\/wp\/v2\/product\/1593\/revisions"}],"predecessor-version":[{"id":1624,"href":"https:\/\/batch.zoedev.tech\/fr\/wp-json\/wp\/v2\/product\/1593\/revisions\/1624"}],"wp:featuredmedia":[{"embeddable":true,"href":"https:\/\/batch.zoedev.tech\/fr\/wp-json\/wp\/v2\/media\/1621"}],"wp:attachment":[{"href":"https:\/\/batch.zoedev.tech\/fr\/wp-json\/wp\/v2\/media?parent=1593"}],"wp:term":[{"taxonomy":"product_brand","embeddable":true,"href":"https:\/\/batch.zoedev.tech\/fr\/wp-json\/wp\/v2\/product_brand?post=1593"},{"taxonomy":"product_cat","embeddable":true,"href":"https:\/\/batch.zoedev.tech\/fr\/wp-json\/wp\/v2\/product_cat?post=1593"},{"taxonomy":"product_tag","embeddable":true,"href":"https:\/\/batch.zoedev.tech\/fr\/wp-json\/wp\/v2\/product_tag?post=1593"}],"curies":[{"name":"wp","href":"https:\/\/api.w.org\/{rel}","templated":true}]}}