{"id":940,"date":"2024-11-21T06:21:15","date_gmt":"2024-11-21T06:21:15","guid":{"rendered":"https:\/\/batch.zoedev.tech\/?page_id=940"},"modified":"2024-12-04T07:30:15","modified_gmt":"2024-12-04T07:30:15","slug":"faq","status":"publish","type":"page","link":"https:\/\/batch.zoedev.tech\/fr\/faq\/","title":{"rendered":"FAQ"},"content":{"rendered":"<div data-elementor-type=\"wp-page\" data-elementor-id=\"940\" class=\"elementor elementor-940\" data-elementor-post-type=\"page\">\n\t\t\t\t\t\t<section class=\"elementor-section elementor-top-section elementor-element elementor-element-55971ab4 elementor-section-stretched elementor-section-height-min-height elementor-section-boxed elementor-section-height-default elementor-section-items-middle\" data-id=\"55971ab4\" data-element_type=\"section\" data-settings=\"{&quot;stretch_section&quot;:&quot;section-stretched&quot;,&quot;background_background&quot;:&quot;classic&quot;}\">\n\t\t\t\t\t\t<div class=\"elementor-container elementor-column-gap-wider\">\n\t\t\t\t\t<div class=\"elementor-column elementor-col-100 elementor-top-column elementor-element elementor-element-258d6dd9\" data-id=\"258d6dd9\" data-element_type=\"column\">\n\t\t\t<div class=\"elementor-widget-wrap elementor-element-populated\">\n\t\t\t\t\t\t<div class=\"elementor-element elementor-element-1478d81e elementor-widget elementor-widget-text-editor\" data-id=\"1478d81e\" data-element_type=\"widget\" data-widget_type=\"text-editor.default\">\n\t\t\t\t<div class=\"elementor-widget-container\">\n\t\t\t\t\t\t\t\t\t<h1><span style=\"color: #ffffff;\">FAQ<\/span><\/h1>\t\t\t\t\t\t\t\t<\/div>\n\t\t\t\t<\/div>\n\t\t\t\t\t<\/div>\n\t\t<\/div>\n\t\t\t\t\t<\/div>\n\t\t<\/section>\n\t\t\t\t<section class=\"elementor-section elementor-top-section elementor-element elementor-element-41bf078 elementor-section-boxed elementor-section-height-default elementor-section-height-default\" data-id=\"41bf078\" data-element_type=\"section\">\n\t\t\t\t\t\t<div class=\"elementor-container elementor-column-gap-default\">\n\t\t\t\t\t<div class=\"elementor-column elementor-col-100 elementor-top-column elementor-element elementor-element-21a104e\" data-id=\"21a104e\" data-element_type=\"column\">\n\t\t\t<div class=\"elementor-widget-wrap elementor-element-populated\">\n\t\t\t\t\t\t<div class=\"elementor-element elementor-element-f38ee43 elementor-widget elementor-widget-text-editor\" data-id=\"f38ee43\" data-element_type=\"widget\" data-widget_type=\"text-editor.default\">\n\t\t\t\t<div class=\"elementor-widget-container\">\n\t\t\t\t\t\t\t\t\t<p>FAQ<\/p>\t\t\t\t\t\t\t\t<\/div>\n\t\t\t\t<\/div>\n\t\t\t\t<div class=\"elementor-element elementor-element-542fc7e elementor-widget-divider--view-line elementor-widget elementor-widget-divider\" data-id=\"542fc7e\" data-element_type=\"widget\" data-widget_type=\"divider.default\">\n\t\t\t\t<div class=\"elementor-widget-container\">\n\t\t\t\t\t\t\t<div class=\"elementor-divider\">\n\t\t\t<span class=\"elementor-divider-separator\">\n\t\t\t\t\t\t<\/span>\n\t\t<\/div>\n\t\t\t\t\t\t<\/div>\n\t\t\t\t<\/div>\n\t\t\t\t<div class=\"elementor-element elementor-element-91dd144 elementor-widget elementor-widget-mfn_faq\" data-id=\"91dd144\" data-element_type=\"widget\" data-widget_type=\"mfn_faq.default\">\n\t\t\t\t<div class=\"elementor-widget-container\">\n\t\t\t\t\t<div class=\"faq\"><h4 class=\"title\">Qualit\u00e9 et performance des produits<\/h4><div class=\"mfn-acc faq_wrapper\"><div class=\"question\" tabindex=\"0\" role=\"link\"><div class=\"title\"><span class=\"num\">1<\/span><i class=\"icon-plus acc-icon-plus\" aria-hidden=\"true\"><\/i><i class=\"icon-minus acc-icon-minus\" aria-hidden=\"true\"><\/i>Comment Eagle Jumbo Co. peut-elle garantir la durabilit\u00e9 de ses produits dans des environnements difficiles ?<\/div><div class=\"answer\"><div><div>Nous utilisons des mat\u00e9riaux de haute qualit\u00e9 tels que l'acier au carbone et l'acier alli\u00e9, combin\u00e9s \u00e0 un traitement thermique avanc\u00e9 et \u00e0 des tests rigoureux, ce qui garantit des performances exceptionnelles dans des conditions extr\u00eames.<\/div><\/div><\/div><\/div>\n<div class=\"question\" tabindex=\"0\" role=\"link\"><div class=\"title\"><span class=\"num\">2<\/span><i class=\"icon-plus acc-icon-plus\" aria-hidden=\"true\"><\/i><i class=\"icon-minus acc-icon-minus\" aria-hidden=\"true\"><\/i>Quelles sont les normes auxquelles r\u00e9pondent vos produits ?<\/div><div class=\"answer\"><div><div>Nos cha\u00eenes pour pneus sont conformes aux normes NACM-TCe (\u00c9tats-Unis) et ONORM5117.V5119\/V5121 (Europe), qui r\u00e9pondent \u00e0 des normes mondiales strictes en mati\u00e8re de s\u00e9curit\u00e9 et de performance.<\/div><\/div><\/div><\/div>\n<div class=\"question\" tabindex=\"0\" role=\"link\"><div class=\"title\"><span class=\"num\">3<\/span><i class=\"icon-plus acc-icon-plus\" aria-hidden=\"true\"><\/i><i class=\"icon-minus acc-icon-minus\" aria-hidden=\"true\"><\/i>Comment maintenez-vous les normes de qualit\u00e9 pendant la production ?<\/div><div class=\"answer\"><div><div>Le contr\u00f4le de la qualit\u00e9 comprend l'inspection des mati\u00e8res premi\u00e8res, le contr\u00f4le en cours de fabrication et des essais complets de r\u00e9sistance \u00e0 la traction, \u00e0 l'usure et \u00e0 la corrosion.<\/div><\/div><\/div><\/div>\n<div class=\"question\" tabindex=\"0\" role=\"link\"><div class=\"title\"><span class=\"num\">4<\/span><i class=\"icon-plus acc-icon-plus\" aria-hidden=\"true\"><\/i><i class=\"icon-minus acc-icon-minus\" aria-hidden=\"true\"><\/i>Comment vos cha\u00eenes de pneus se comportent-elles dans des conditions m\u00e9t\u00e9orologiques extr\u00eames ?<\/div><div class=\"answer\"><div><div>Ils sont rigoureusement test\u00e9s pour la neige, la glace et les terrains accident\u00e9s, et pr\u00e9sentent une r\u00e9sistance \u00e0 l'usure, des propri\u00e9t\u00e9s anticorrosion et une haute r\u00e9sistance \u00e0 la traction pour les applications exigeantes.<\/div><\/div><\/div><\/div>\n<div class=\"question\" tabindex=\"0\" role=\"link\"><div class=\"title\"><span class=\"num\">5<\/span><i class=\"icon-plus acc-icon-plus\" aria-hidden=\"true\"><\/i><i class=\"icon-minus acc-icon-minus\" aria-hidden=\"true\"><\/i>Qu'est-ce qui fait d'Eagle Jumbo Co. un fournisseur de confiance ?<\/div><div class=\"answer\"><div><div>Avec plus de 60 projets de propri\u00e9t\u00e9 intellectuelle et des partenariats avec des clients tels que le gouvernement am\u00e9ricain et l'arm\u00e9e canadienne, nous fournissons des produits innovants, fiables et de haute qualit\u00e9.<\/div><\/div><\/div><\/div>\n<\/div><\/div>\n\t\t\t\t<\/div>\n\t\t\t\t<\/div>\n\t\t\t\t<div class=\"elementor-element elementor-element-2c19873 elementor-widget elementor-widget-mfn_faq\" data-id=\"2c19873\" data-element_type=\"widget\" data-widget_type=\"mfn_faq.default\">\n\t\t\t\t<div class=\"elementor-widget-container\">\n\t\t\t\t\t<div class=\"faq\"><h4 class=\"title\">Personnalisation et commandes<\/h4><div class=\"mfn-acc faq_wrapper\"><div class=\"question\" tabindex=\"0\" role=\"link\"><div class=\"title\"><span class=\"num\">1<\/span><i class=\"icon-plus acc-icon-plus\" aria-hidden=\"true\"><\/i><i class=\"icon-minus acc-icon-minus\" aria-hidden=\"true\"><\/i>Proposez-vous des solutions personnalis\u00e9es pour diff\u00e9rentes applications ?<\/div><div class=\"answer\"><div><div>Oui, nous fournissons des conceptions sur mesure, y compris des tailles, des types et des mat\u00e9riaux de cha\u00eene personnalis\u00e9s, en utilisant nos lignes de production automatis\u00e9es 90% pour plus d'efficacit\u00e9.<\/div><\/div><\/div><\/div>\n<div class=\"question\" tabindex=\"0\" role=\"link\"><div class=\"title\"><span class=\"num\">2<\/span><i class=\"icon-plus acc-icon-plus\" aria-hidden=\"true\"><\/i><i class=\"icon-minus acc-icon-minus\" aria-hidden=\"true\"><\/i>Puis-je demander des \u00e9chantillons de produits avant de passer une commande en gros ?<\/div><div class=\"answer\"><div><div>Oui, des \u00e9chantillons sont disponibles pour des essais. Les co\u00fbts et les frais d'exp\u00e9dition peuvent \u00eatre discut\u00e9s, et les frais d'\u00e9chantillonnage peuvent \u00eatre d\u00e9duits des commandes en gros.<\/div><\/div><\/div><\/div>\n<div class=\"question\" tabindex=\"0\" role=\"link\"><div class=\"title\"><span class=\"num\">3<\/span><i class=\"icon-plus acc-icon-plus\" aria-hidden=\"true\"><\/i><i class=\"icon-minus acc-icon-minus\" aria-hidden=\"true\"><\/i>Quelle est la quantit\u00e9 minimale de commande (QMC) ?<\/div><div class=\"answer\"><div><div>Le MOQ d\u00e9pend du produit et des besoins de personnalisation. Les produits standard ont des MOQ flexibles pour les petites et les grandes commandes.<\/div><\/div><\/div><\/div>\n<div class=\"question\" tabindex=\"0\" role=\"link\"><div class=\"title\"><span class=\"num\">4<\/span><i class=\"icon-plus acc-icon-plus\" aria-hidden=\"true\"><\/i><i class=\"icon-minus acc-icon-minus\" aria-hidden=\"true\"><\/i>Pouvez-vous traiter des commandes urgentes ou de gros volumes ?<\/div><div class=\"answer\"><div><div>Oui, avec un site de 35 000 m\u00b2 et une capacit\u00e9 annuelle de 300 000 pi\u00e8ces, nous r\u00e9pondons efficacement aux demandes urgentes ou \u00e0 fort volume.<\/div><\/div><\/div><\/div>\n<div class=\"question\" tabindex=\"0\" role=\"link\"><div class=\"title\"><span class=\"num\">5<\/span><i class=\"icon-plus acc-icon-plus\" aria-hidden=\"true\"><\/i><i class=\"icon-minus acc-icon-minus\" aria-hidden=\"true\"><\/i>Puis-je visiter votre usine pour une inspection ?<\/div><div class=\"answer\"><div><div>Oui, nous acceptons les visites d'usine pour voir les processus de production et de contr\u00f4le de la qualit\u00e9. Veuillez prendre rendez-vous avec notre \u00e9quipe de vente.<\/div><\/div><\/div><\/div>\n<\/div><\/div>\n\t\t\t\t<\/div>\n\t\t\t\t<\/div>\n\t\t\t\t\t<\/div>\n\t\t<\/div>\n\t\t\t\t\t<\/div>\n\t\t<\/section>\n\t\t\t\t<\/div>","protected":false},"excerpt":{"rendered":"<p>FAQ FAQ Product Quality and Performance 1How can Eagle Jumbo Co., Ltd. ensure product durability for harsh environments?We use high-grade materials like carbon steel and alloy<span class=\"excerpt-hellip\"> [\u2026]<\/span><\/p>","protected":false},"author":2,"featured_media":0,"parent":0,"menu_order":0,"comment_status":"closed","ping_status":"closed","template":"","meta":{"footnotes":""},"class_list":["post-940","page","type-page","status-publish","hentry"],"_links":{"self":[{"href":"https:\/\/batch.zoedev.tech\/fr\/wp-json\/wp\/v2\/pages\/940","targetHints":{"allow":["GET"]}}],"collection":[{"href":"https:\/\/batch.zoedev.tech\/fr\/wp-json\/wp\/v2\/pages"}],"about":[{"href":"https:\/\/batch.zoedev.tech\/fr\/wp-json\/wp\/v2\/types\/page"}],"author":[{"embeddable":true,"href":"https:\/\/batch.zoedev.tech\/fr\/wp-json\/wp\/v2\/users\/2"}],"replies":[{"embeddable":true,"href":"https:\/\/batch.zoedev.tech\/fr\/wp-json\/wp\/v2\/comments?post=940"}],"version-history":[{"count":30,"href":"https:\/\/batch.zoedev.tech\/fr\/wp-json\/wp\/v2\/pages\/940\/revisions"}],"predecessor-version":[{"id":1536,"href":"https:\/\/batch.zoedev.tech\/fr\/wp-json\/wp\/v2\/pages\/940\/revisions\/1536"}],"wp:attachment":[{"href":"https:\/\/batch.zoedev.tech\/fr\/wp-json\/wp\/v2\/media?parent=940"}],"curies":[{"name":"wp","href":"https:\/\/api.w.org\/{rel}","templated":true}]}}